{"id":9,"date":"2014-10-21T14:19:47","date_gmt":"2014-10-21T14:19:47","guid":{"rendered":"http:\/\/www.krankengymnastik.com\/wordpress\/?page_id=9"},"modified":"2026-03-20T15:48:18","modified_gmt":"2026-03-20T15:48:18","slug":"startseite","status":"publish","type":"page","link":"https:\/\/www.krankengymnastik.com\/","title":{"rendered":"Startseite"},"content":{"rendered":"\n<div id=\"front-left\">\n<div style=\"text-align: right;\" align=\"right\">Manuelle Therapie<br>\nBobath f\u00fcr Erwachsene<\/div>\n<div style=\"text-align: right;\" align=\"right\">Sportphysiotherapie<\/div>\n<div style=\"text-align: right;\" align=\"right\">Fango<br>\nHausbesuche<\/div>\n<div align=\"right\"><\/div>\n<br>\n<div id=\"bbold\" style=\"text-align: left;\"><span style=\"color: #000000;\">PRAXIS f\u00fcr<\/span><br>\n<span style=\"color: #ff0000;\">PHYSIOTHERAPIE<\/span><br>\n<span style=\"color: red;\"><span style=\"color: #000000;\">&nbsp; &nbsp; &nbsp; &nbsp; &nbsp; &nbsp; &nbsp; &nbsp; &nbsp; &nbsp;HUNDT<\/span><\/span><\/div>\n<br>\n<div style=\"text-align: right;\"><span style=\"text-align: right; font-size: 1rem;\">Fon: 09131 &#8211; 64438<\/span><\/div>\n<div style=\"text-align: right;\"><span style=\"font-size: 1rem;\">Behandlungszeiten:<\/span><\/div>\n<div style=\"text-align: right;\"><span style=\"font-size: 1rem;\">Mo &#8211; Fr: 8:30 &#8211; 19 Uhr<\/span><\/div>\n<div style=\"text-align: right;\"><span style=\"font-size: 1rem;\">und nach Vereinbarung<\/span><\/div>\n<div style=\"text-align: right;\"><span style=\"font-size: 1rem;\">Bushaltestelle Bruck &#8211; Kirche<\/span><\/div>\n<\/div>\n\n\n\n<div id=\"front-section\">\n<figure><a href=\"http:\/\/www.krankengymnastik.com\/wp-content\/uploads\/2014\/10\/cropped-main_04.jpg\"><img loading=\"lazy\" decoding=\"async\" class=\"aligncenter size-full wp-image-30\" src=\"http:\/\/www.krankengymnastik.com\/wp-content\/uploads\/2014\/10\/cropped-main_04.jpg\" alt=\"cropped-main_04\" width=\"373\" height=\"218\" srcset=\"https:\/\/www.krankengymnastik.com\/wp-content\/uploads\/2014\/10\/cropped-main_04.jpg 373w, https:\/\/www.krankengymnastik.com\/wp-content\/uploads\/2014\/10\/cropped-main_04-300x175.jpg 300w\" sizes=\"auto, (max-width: 373px) 100vw, 373px\" \/><\/a><\/figure><p><\/p>\n<figure><a href=\"http:\/\/www.bewegungsfreude.com\"><img loading=\"lazy\" decoding=\"async\" class=\"alignright size-medium wp-image-35\" src=\"http:\/\/www.krankengymnastik.com\/wp-content\/uploads\/2014\/10\/beweg_logo_klein-1-300x116.png\" alt=\"beweg_logo_klein-1\" width=\"300\" height=\"116\" srcset=\"https:\/\/www.krankengymnastik.com\/wp-content\/uploads\/2014\/10\/beweg_logo_klein-1-300x116.png 300w, https:\/\/www.krankengymnastik.com\/wp-content\/uploads\/2014\/10\/beweg_logo_klein-1.png 439w\" sizes=\"auto, (max-width: 300px) 100vw, 300px\" \/><\/a><\/figure><div style=\"text-align: center;\"><\/div>\n<\/div>\n\n\n\n<div id=\"front-footer\">\n<div style=\"clear: both;\"><\/div>\n<h5 style=\"text-align: center;\">Praxis f\u00fcr Physiotherapie Hundt :: F\u00fcrther Stra\u00dfe 37 :: 91058 Erlangen :: 09131-64438<\/h5>\n<figure><a href=\"http:\/\/www.krankengymnastik.com\/wp-content\/uploads\/2014\/10\/zertifizierung_tn1.jpg\"><img loading=\"lazy\" decoding=\"async\" class=\"alignnone size-full wp-image-106\" src=\"http:\/\/www.krankengymnastik.com\/wp-content\/uploads\/2014\/10\/zertifizierung_tn1.jpg\" alt=\"zertifizierung_tn\" width=\"100\" height=\"76\"><\/a><\/figure><p><\/p>\n<\/div>\n\n\n\n<p>&nbsp;<\/p>\n","protected":false},"excerpt":{"rendered":"<p>Manuelle Therapie Bobath f\u00fcr Erwachsene Sportphysiotherapie Fango Hausbesuche PRAXIS f\u00fcr PHYSIOTHERAPIE &nbsp; &nbsp; &nbsp; &nbsp; &nbsp; &nbsp; &nbsp; &nbsp; &nbsp; &nbsp;HUNDT Fon: 09131 &#8211; 64438 Behandlungszeiten: Mo &#8211; Fr: 8:30 &#8211; 19 Uhr und nach Vereinbarung Bushaltestelle Bruck &#8211; Kirche Praxis f\u00fcr Physiotherapie Hundt :: F\u00fcrther Stra\u00dfe 37 :: 91058 Erlangen :: 09131-64438 &nbsp;<\/p>\n","protected":false},"author":1,"featured_media":0,"parent":0,"menu_order":0,"comment_status":"closed","ping_status":"closed","template":"","meta":{"footnotes":""},"class_list":["post-9","page","type-page","status-publish","hentry"],"yoast_head":"<!-- This site is optimized with the Yoast SEO plugin v27.2 - https:\/\/yoast.com\/product\/yoast-seo-wordpress\/ -->\n<title>Startseite - Physiotherapie Hundt<\/title>\n<meta name=\"robots\" content=\"index, follow, max-snippet:-1, max-image-preview:large, max-video-preview:-1\" \/>\n<link rel=\"canonical\" href=\"http:\/\/www.krankengymnastik.com\/\" \/>\n<meta property=\"og:locale\" content=\"en_US\" \/>\n<meta property=\"og:type\" content=\"article\" \/>\n<meta property=\"og:title\" content=\"Startseite - Physiotherapie Hundt\" \/>\n<meta property=\"og:description\" content=\"Manuelle Therapie Bobath f\u00fcr Erwachsene Sportphysiotherapie Fango Hausbesuche PRAXIS f\u00fcr PHYSIOTHERAPIE &nbsp; &nbsp; &nbsp; &nbsp; &nbsp; &nbsp; &nbsp; &nbsp; &nbsp; &nbsp;HUNDT Fon: 09131 &#8211; 64438 Behandlungszeiten: Mo &#8211; Fr: 8:30 &#8211; 19 Uhr und nach Vereinbarung Bushaltestelle Bruck &#8211; Kirche Praxis f\u00fcr Physiotherapie Hundt :: F\u00fcrther Stra\u00dfe 37 :: 91058 Erlangen :: 09131-64438 &nbsp;\" \/>\n<meta property=\"og:url\" content=\"http:\/\/www.krankengymnastik.com\/\" \/>\n<meta property=\"og:site_name\" content=\"Physiotherapie Hundt\" \/>\n<meta property=\"article:modified_time\" content=\"2026-03-20T15:48:18+00:00\" \/>\n<meta property=\"og:image\" content=\"http:\/\/www.krankengymnastik.com\/wp-content\/uploads\/2014\/10\/cropped-main_04.jpg\" \/>\n<meta name=\"twitter:card\" content=\"summary_large_image\" \/>\n<meta name=\"twitter:label1\" content=\"Est. reading time\" \/>\n\t<meta name=\"twitter:data1\" content=\"1 minute\" \/>\n<script type=\"application\/ld+json\" class=\"yoast-schema-graph\">{\"@context\":\"https:\/\/schema.org\",\"@graph\":[{\"@type\":\"WebPage\",\"@id\":\"http:\/\/www.krankengymnastik.com\/\",\"url\":\"http:\/\/www.krankengymnastik.com\/\",\"name\":\"Startseite - Physiotherapie Hundt\",\"isPartOf\":{\"@id\":\"http:\/\/www.krankengymnastik.com\/#website\"},\"primaryImageOfPage\":{\"@id\":\"http:\/\/www.krankengymnastik.com\/#primaryimage\"},\"image\":{\"@id\":\"http:\/\/www.krankengymnastik.com\/#primaryimage\"},\"thumbnailUrl\":\"http:\/\/www.krankengymnastik.com\/wp-content\/uploads\/2014\/10\/cropped-main_04.jpg\",\"datePublished\":\"2014-10-21T14:19:47+00:00\",\"dateModified\":\"2026-03-20T15:48:18+00:00\",\"breadcrumb\":{\"@id\":\"http:\/\/www.krankengymnastik.com\/#breadcrumb\"},\"inLanguage\":\"en-US\",\"potentialAction\":[{\"@type\":\"ReadAction\",\"target\":[\"http:\/\/www.krankengymnastik.com\/\"]}]},{\"@type\":\"ImageObject\",\"inLanguage\":\"en-US\",\"@id\":\"http:\/\/www.krankengymnastik.com\/#primaryimage\",\"url\":\"http:\/\/www.krankengymnastik.com\/wp-content\/uploads\/2014\/10\/cropped-main_04.jpg\",\"contentUrl\":\"http:\/\/www.krankengymnastik.com\/wp-content\/uploads\/2014\/10\/cropped-main_04.jpg\"},{\"@type\":\"BreadcrumbList\",\"@id\":\"http:\/\/www.krankengymnastik.com\/#breadcrumb\",\"itemListElement\":[{\"@type\":\"ListItem\",\"position\":1,\"name\":\"Home\",\"item\":\"http:\/\/www.krankengymnastik.com\/\"},{\"@type\":\"ListItem\",\"position\":2,\"name\":\"Startseite\"}]},{\"@type\":\"WebSite\",\"@id\":\"http:\/\/www.krankengymnastik.com\/#website\",\"url\":\"http:\/\/www.krankengymnastik.com\/\",\"name\":\"Physiotherapie Hundt\",\"description\":\"Sei ein Fuchs, komm zu Hundt f\u00fcr manuelle Therapie, Krankengymnastik, Massage, Bobath, Triggerpunktbehandlung, Kiefergelenkbehandlung. Fon: 09131\/64438\",\"publisher\":{\"@id\":\"http:\/\/www.krankengymnastik.com\/#organization\"},\"potentialAction\":[{\"@type\":\"SearchAction\",\"target\":{\"@type\":\"EntryPoint\",\"urlTemplate\":\"http:\/\/www.krankengymnastik.com\/?s={search_term_string}\"},\"query-input\":{\"@type\":\"PropertyValueSpecification\",\"valueRequired\":true,\"valueName\":\"search_term_string\"}}],\"inLanguage\":\"en-US\"},{\"@type\":\"Organization\",\"@id\":\"http:\/\/www.krankengymnastik.com\/#organization\",\"name\":\"Praxis f\u00fcr Physiotherapie Hundt\",\"url\":\"http:\/\/www.krankengymnastik.com\/\",\"logo\":{\"@type\":\"ImageObject\",\"inLanguage\":\"en-US\",\"@id\":\"http:\/\/www.krankengymnastik.com\/#\/schema\/logo\/image\/\",\"url\":\"https:\/\/www.krankengymnastik.com\/wp-content\/uploads\/2026\/03\/praxis-hundt-logo.png\",\"contentUrl\":\"https:\/\/www.krankengymnastik.com\/wp-content\/uploads\/2026\/03\/praxis-hundt-logo.png\",\"width\":462,\"height\":235,\"caption\":\"Praxis f\u00fcr Physiotherapie Hundt\"},\"image\":{\"@id\":\"http:\/\/www.krankengymnastik.com\/#\/schema\/logo\/image\/\"}}]}<\/script>\n<!-- \/ Yoast SEO plugin. -->","yoast_head_json":{"title":"Startseite - Physiotherapie Hundt","robots":{"index":"index","follow":"follow","max-snippet":"max-snippet:-1","max-image-preview":"max-image-preview:large","max-video-preview":"max-video-preview:-1"},"canonical":"http:\/\/www.krankengymnastik.com\/","og_locale":"en_US","og_type":"article","og_title":"Startseite - Physiotherapie Hundt","og_description":"Manuelle Therapie Bobath f\u00fcr Erwachsene Sportphysiotherapie Fango Hausbesuche PRAXIS f\u00fcr PHYSIOTHERAPIE &nbsp; &nbsp; &nbsp; &nbsp; &nbsp; &nbsp; &nbsp; &nbsp; &nbsp; &nbsp;HUNDT Fon: 09131 &#8211; 64438 Behandlungszeiten: Mo &#8211; Fr: 8:30 &#8211; 19 Uhr und nach Vereinbarung Bushaltestelle Bruck &#8211; Kirche Praxis f\u00fcr Physiotherapie Hundt :: F\u00fcrther Stra\u00dfe 37 :: 91058 Erlangen :: 09131-64438 &nbsp;","og_url":"http:\/\/www.krankengymnastik.com\/","og_site_name":"Physiotherapie Hundt","article_modified_time":"2026-03-20T15:48:18+00:00","og_image":[{"url":"http:\/\/www.krankengymnastik.com\/wp-content\/uploads\/2014\/10\/cropped-main_04.jpg","type":"","width":"","height":""}],"twitter_card":"summary_large_image","twitter_misc":{"Est. reading time":"1 minute"},"schema":{"@context":"https:\/\/schema.org","@graph":[{"@type":"WebPage","@id":"http:\/\/www.krankengymnastik.com\/","url":"http:\/\/www.krankengymnastik.com\/","name":"Startseite - Physiotherapie Hundt","isPartOf":{"@id":"http:\/\/www.krankengymnastik.com\/#website"},"primaryImageOfPage":{"@id":"http:\/\/www.krankengymnastik.com\/#primaryimage"},"image":{"@id":"http:\/\/www.krankengymnastik.com\/#primaryimage"},"thumbnailUrl":"http:\/\/www.krankengymnastik.com\/wp-content\/uploads\/2014\/10\/cropped-main_04.jpg","datePublished":"2014-10-21T14:19:47+00:00","dateModified":"2026-03-20T15:48:18+00:00","breadcrumb":{"@id":"http:\/\/www.krankengymnastik.com\/#breadcrumb"},"inLanguage":"en-US","potentialAction":[{"@type":"ReadAction","target":["http:\/\/www.krankengymnastik.com\/"]}]},{"@type":"ImageObject","inLanguage":"en-US","@id":"http:\/\/www.krankengymnastik.com\/#primaryimage","url":"http:\/\/www.krankengymnastik.com\/wp-content\/uploads\/2014\/10\/cropped-main_04.jpg","contentUrl":"http:\/\/www.krankengymnastik.com\/wp-content\/uploads\/2014\/10\/cropped-main_04.jpg"},{"@type":"BreadcrumbList","@id":"http:\/\/www.krankengymnastik.com\/#breadcrumb","itemListElement":[{"@type":"ListItem","position":1,"name":"Home","item":"http:\/\/www.krankengymnastik.com\/"},{"@type":"ListItem","position":2,"name":"Startseite"}]},{"@type":"WebSite","@id":"http:\/\/www.krankengymnastik.com\/#website","url":"http:\/\/www.krankengymnastik.com\/","name":"Physiotherapie Hundt","description":"Sei ein Fuchs, komm zu Hundt f\u00fcr manuelle Therapie, Krankengymnastik, Massage, Bobath, Triggerpunktbehandlung, Kiefergelenkbehandlung. Fon: 09131\/64438","publisher":{"@id":"http:\/\/www.krankengymnastik.com\/#organization"},"potentialAction":[{"@type":"SearchAction","target":{"@type":"EntryPoint","urlTemplate":"http:\/\/www.krankengymnastik.com\/?s={search_term_string}"},"query-input":{"@type":"PropertyValueSpecification","valueRequired":true,"valueName":"search_term_string"}}],"inLanguage":"en-US"},{"@type":"Organization","@id":"http:\/\/www.krankengymnastik.com\/#organization","name":"Praxis f\u00fcr Physiotherapie Hundt","url":"http:\/\/www.krankengymnastik.com\/","logo":{"@type":"ImageObject","inLanguage":"en-US","@id":"http:\/\/www.krankengymnastik.com\/#\/schema\/logo\/image\/","url":"https:\/\/www.krankengymnastik.com\/wp-content\/uploads\/2026\/03\/praxis-hundt-logo.png","contentUrl":"https:\/\/www.krankengymnastik.com\/wp-content\/uploads\/2026\/03\/praxis-hundt-logo.png","width":462,"height":235,"caption":"Praxis f\u00fcr Physiotherapie Hundt"},"image":{"@id":"http:\/\/www.krankengymnastik.com\/#\/schema\/logo\/image\/"}}]}},"_links":{"self":[{"href":"https:\/\/www.krankengymnastik.com\/index.php?rest_route=\/wp\/v2\/pages\/9","targetHints":{"allow":["GET"]}}],"collection":[{"href":"https:\/\/www.krankengymnastik.com\/index.php?rest_route=\/wp\/v2\/pages"}],"about":[{"href":"https:\/\/www.krankengymnastik.com\/index.php?rest_route=\/wp\/v2\/types\/page"}],"author":[{"embeddable":true,"href":"https:\/\/www.krankengymnastik.com\/index.php?rest_route=\/wp\/v2\/users\/1"}],"replies":[{"embeddable":true,"href":"https:\/\/www.krankengymnastik.com\/index.php?rest_route=%2Fwp%2Fv2%2Fcomments&post=9"}],"version-history":[{"count":63,"href":"https:\/\/www.krankengymnastik.com\/index.php?rest_route=\/wp\/v2\/pages\/9\/revisions"}],"predecessor-version":[{"id":511,"href":"https:\/\/www.krankengymnastik.com\/index.php?rest_route=\/wp\/v2\/pages\/9\/revisions\/511"}],"wp:attachment":[{"href":"https:\/\/www.krankengymnastik.com\/index.php?rest_route=%2Fwp%2Fv2%2Fmedia&parent=9"}],"curies":[{"name":"wp","href":"https:\/\/api.w.org\/{rel}","templated":true}]}}