{"id":13,"date":"2014-10-21T14:22:08","date_gmt":"2014-10-21T14:22:08","guid":{"rendered":"http:\/\/www.krankengymnastik.com\/wordpress\/?page_id=13"},"modified":"2026-03-20T14:34:26","modified_gmt":"2026-03-20T14:34:26","slug":"leistungen","status":"publish","type":"page","link":"https:\/\/www.krankengymnastik.com\/?page_id=13","title":{"rendered":"Leistungen"},"content":{"rendered":"<div style=\"padding-left: 26px; margin-top: -20px;\">\n<h2>LEISTUNGEN<\/h2>\n<div id=\"leftsm\">\n<div class=\"indent\"><a href=\"http:\/\/www.krankengymnastik.com\/wp-content\/uploads\/2015\/07\/leistungen_bild_alle.png\"><img loading=\"lazy\" decoding=\"async\" class=\"alignnone size-full wp-image-229\" src=\"http:\/\/www.krankengymnastik.com\/wp-content\/uploads\/2015\/07\/leistungen_bild_alle.png\" alt=\"leistungen_bild_alle\" width=\"175\" height=\"840\" \/><\/a><\/div>\n<\/div>\n<div id=\"center\">\n<div class=\"subtitle\">Wir sind ausgebildet in<\/div>\n<div class=\"indent2\">\n<ul>\n<li>Manuelle Therapie<\/li>\n<li>Bobath<\/li>\n<li>Kiefergelenkbehandlung<\/li>\n<li>PNF<\/li>\n<li>Trainingstherapie<\/li>\n<li>Sportphysiotherapie<\/li>\n<\/ul>\n<\/div>\n<div class=\"subtitle\">Zus\u00e4tzliche Leistungen<\/div>\n<div class=\"indent2\">\n<ul>\n<li>Behandlung im Schlingentisch<\/li>\n<li>W\u00e4rmebehandlung mit Fango, hei\u00dfer Rolle und Hei\u00dfluft<\/li>\n<li>Eisbehandlung<\/li>\n<li>Hausbesuch<\/li>\n<li>Pr\u00e4vention<\/li>\n<\/ul>\n<\/div>\n<p>&nbsp;<\/p>\n<p>Wenn es Ihr Gesundheitszustand erforderlich macht, behandeln wir Sie gerne auch au\u00dferhalb der Praxis zu Hause, im Pflegeheim oder in einer Tagesst\u00e4tte.<\/p>\n<p>Pr\u00e4vention Krankengymnastik als Einzelbehandlung und in der Gruppe f\u00fcr Kinder und Erwachsene.<\/p>\n<p>Wir legen Wert darauf, dass Sie w\u00e4hrend einer Behandlungsserie stets von demselben Physiotherapeuten betreut werden. Ihren W\u00fcnschen folgend erhalten Sie zwei oder mehr Termine pro Woche.<\/p>\n<p>Den ersten Termin nutzen wir zu einer gr\u00fcndlichen Untersuchung, Behandlungsplanung, Formulierung der mittel- und langfristigen Behandlungsziele und der ersten Probebehandlung.<\/p>\n<\/div>\n<div id=\"front-footer\">\n<div style=\"clear: both;\"><\/div>\n<h5 style=\"text-align: center;\">Praxis f\u00fcr Physiotherapie Hundt :: F\u00fcrther Stra\u00dfe 37 :: 91058 Erlangen :: 09131-64438<\/h5>\n<p><a href=\"http:\/\/www.krankengymnastik.com\/wp-content\/uploads\/2014\/10\/zertifizierung_tn1.jpg\"><img loading=\"lazy\" decoding=\"async\" class=\"alignnone size-full wp-image-106\" src=\"http:\/\/www.krankengymnastik.com\/wp-content\/uploads\/2014\/10\/zertifizierung_tn1.jpg\" alt=\"zertifizierung_tn\" width=\"100\" height=\"76\" \/><\/a><\/p>\n<\/div>\n<p>&nbsp;<\/p>\n<\/div>\n","protected":false},"excerpt":{"rendered":"<p>LEISTUNGEN Wir sind ausgebildet in Manuelle Therapie Bobath Kiefergelenkbehandlung PNF Trainingstherapie Sportphysiotherapie Zus\u00e4tzliche Leistungen Behandlung im Schlingentisch W\u00e4rmebehandlung mit Fango, hei\u00dfer Rolle und Hei\u00dfluft Eisbehandlung Hausbesuch Pr\u00e4vention &nbsp; Wenn es Ihr Gesundheitszustand erforderlich macht, behandeln wir Sie gerne auch au\u00dferhalb der Praxis zu Hause, im Pflegeheim oder in einer Tagesst\u00e4tte. Pr\u00e4vention Krankengymnastik als Einzelbehandlung und [&hellip;]<\/p>\n","protected":false},"author":1,"featured_media":0,"parent":0,"menu_order":0,"comment_status":"closed","ping_status":"closed","template":"","meta":{"footnotes":""},"class_list":["post-13","page","type-page","status-publish","hentry"],"yoast_head":"<!-- This site is optimized with the Yoast SEO plugin v27.2 - https:\/\/yoast.com\/product\/yoast-seo-wordpress\/ -->\n<title>Leistungen - Physiotherapie Hundt<\/title>\n<meta name=\"robots\" content=\"index, follow, max-snippet:-1, max-image-preview:large, max-video-preview:-1\" \/>\n<link rel=\"canonical\" href=\"http:\/\/www.krankengymnastik.com\/?page_id=13\" \/>\n<meta property=\"og:locale\" content=\"en_US\" \/>\n<meta property=\"og:type\" content=\"article\" \/>\n<meta property=\"og:title\" content=\"Leistungen - Physiotherapie Hundt\" \/>\n<meta property=\"og:description\" content=\"LEISTUNGEN Wir sind ausgebildet in Manuelle Therapie Bobath Kiefergelenkbehandlung PNF Trainingstherapie Sportphysiotherapie Zus\u00e4tzliche Leistungen Behandlung im Schlingentisch W\u00e4rmebehandlung mit Fango, hei\u00dfer Rolle und Hei\u00dfluft Eisbehandlung Hausbesuch Pr\u00e4vention &nbsp; Wenn es Ihr Gesundheitszustand erforderlich macht, behandeln wir Sie gerne auch au\u00dferhalb der Praxis zu Hause, im Pflegeheim oder in einer Tagesst\u00e4tte. Pr\u00e4vention Krankengymnastik als Einzelbehandlung und [&hellip;]\" \/>\n<meta property=\"og:url\" content=\"http:\/\/www.krankengymnastik.com\/?page_id=13\" \/>\n<meta property=\"og:site_name\" content=\"Physiotherapie Hundt\" \/>\n<meta property=\"article:modified_time\" content=\"2026-03-20T14:34:26+00:00\" \/>\n<meta property=\"og:image\" content=\"http:\/\/www.krankengymnastik.com\/wp-content\/uploads\/2015\/07\/leistungen_bild_alle.png\" \/>\n<meta name=\"twitter:card\" content=\"summary_large_image\" \/>\n<meta name=\"twitter:label1\" content=\"Est. reading time\" \/>\n\t<meta name=\"twitter:data1\" content=\"1 minute\" \/>\n<script type=\"application\/ld+json\" class=\"yoast-schema-graph\">{\"@context\":\"https:\/\/schema.org\",\"@graph\":[{\"@type\":\"WebPage\",\"@id\":\"http:\/\/www.krankengymnastik.com\/?page_id=13\",\"url\":\"http:\/\/www.krankengymnastik.com\/?page_id=13\",\"name\":\"Leistungen - Physiotherapie Hundt\",\"isPartOf\":{\"@id\":\"http:\/\/www.krankengymnastik.com\/#website\"},\"primaryImageOfPage\":{\"@id\":\"http:\/\/www.krankengymnastik.com\/?page_id=13#primaryimage\"},\"image\":{\"@id\":\"http:\/\/www.krankengymnastik.com\/?page_id=13#primaryimage\"},\"thumbnailUrl\":\"http:\/\/www.krankengymnastik.com\/wp-content\/uploads\/2015\/07\/leistungen_bild_alle.png\",\"datePublished\":\"2014-10-21T14:22:08+00:00\",\"dateModified\":\"2026-03-20T14:34:26+00:00\",\"breadcrumb\":{\"@id\":\"http:\/\/www.krankengymnastik.com\/?page_id=13#breadcrumb\"},\"inLanguage\":\"en-US\",\"potentialAction\":[{\"@type\":\"ReadAction\",\"target\":[\"http:\/\/www.krankengymnastik.com\/?page_id=13\"]}]},{\"@type\":\"ImageObject\",\"inLanguage\":\"en-US\",\"@id\":\"http:\/\/www.krankengymnastik.com\/?page_id=13#primaryimage\",\"url\":\"http:\/\/www.krankengymnastik.com\/wp-content\/uploads\/2015\/07\/leistungen_bild_alle.png\",\"contentUrl\":\"http:\/\/www.krankengymnastik.com\/wp-content\/uploads\/2015\/07\/leistungen_bild_alle.png\"},{\"@type\":\"BreadcrumbList\",\"@id\":\"http:\/\/www.krankengymnastik.com\/?page_id=13#breadcrumb\",\"itemListElement\":[{\"@type\":\"ListItem\",\"position\":1,\"name\":\"Home\",\"item\":\"http:\/\/www.krankengymnastik.com\/\"},{\"@type\":\"ListItem\",\"position\":2,\"name\":\"Leistungen\"}]},{\"@type\":\"WebSite\",\"@id\":\"http:\/\/www.krankengymnastik.com\/#website\",\"url\":\"http:\/\/www.krankengymnastik.com\/\",\"name\":\"Physiotherapie Hundt\",\"description\":\"Sei ein Fuchs, komm zu Hundt f\u00fcr manuelle Therapie, Krankengymnastik, Massage, Bobath, Triggerpunktbehandlung, Kiefergelenkbehandlung. Fon: 09131\/64438\",\"publisher\":{\"@id\":\"http:\/\/www.krankengymnastik.com\/#organization\"},\"potentialAction\":[{\"@type\":\"SearchAction\",\"target\":{\"@type\":\"EntryPoint\",\"urlTemplate\":\"http:\/\/www.krankengymnastik.com\/?s={search_term_string}\"},\"query-input\":{\"@type\":\"PropertyValueSpecification\",\"valueRequired\":true,\"valueName\":\"search_term_string\"}}],\"inLanguage\":\"en-US\"},{\"@type\":\"Organization\",\"@id\":\"http:\/\/www.krankengymnastik.com\/#organization\",\"name\":\"Praxis f\u00fcr Physiotherapie Hundt\",\"url\":\"http:\/\/www.krankengymnastik.com\/\",\"logo\":{\"@type\":\"ImageObject\",\"inLanguage\":\"en-US\",\"@id\":\"http:\/\/www.krankengymnastik.com\/#\/schema\/logo\/image\/\",\"url\":\"https:\/\/www.krankengymnastik.com\/wp-content\/uploads\/2026\/03\/praxis-hundt-logo.png\",\"contentUrl\":\"https:\/\/www.krankengymnastik.com\/wp-content\/uploads\/2026\/03\/praxis-hundt-logo.png\",\"width\":462,\"height\":235,\"caption\":\"Praxis f\u00fcr Physiotherapie Hundt\"},\"image\":{\"@id\":\"http:\/\/www.krankengymnastik.com\/#\/schema\/logo\/image\/\"}}]}<\/script>\n<!-- \/ Yoast SEO plugin. -->","yoast_head_json":{"title":"Leistungen - Physiotherapie Hundt","robots":{"index":"index","follow":"follow","max-snippet":"max-snippet:-1","max-image-preview":"max-image-preview:large","max-video-preview":"max-video-preview:-1"},"canonical":"http:\/\/www.krankengymnastik.com\/?page_id=13","og_locale":"en_US","og_type":"article","og_title":"Leistungen - Physiotherapie Hundt","og_description":"LEISTUNGEN Wir sind ausgebildet in Manuelle Therapie Bobath Kiefergelenkbehandlung PNF Trainingstherapie Sportphysiotherapie Zus\u00e4tzliche Leistungen Behandlung im Schlingentisch W\u00e4rmebehandlung mit Fango, hei\u00dfer Rolle und Hei\u00dfluft Eisbehandlung Hausbesuch Pr\u00e4vention &nbsp; Wenn es Ihr Gesundheitszustand erforderlich macht, behandeln wir Sie gerne auch au\u00dferhalb der Praxis zu Hause, im Pflegeheim oder in einer Tagesst\u00e4tte. Pr\u00e4vention Krankengymnastik als Einzelbehandlung und [&hellip;]","og_url":"http:\/\/www.krankengymnastik.com\/?page_id=13","og_site_name":"Physiotherapie Hundt","article_modified_time":"2026-03-20T14:34:26+00:00","og_image":[{"url":"http:\/\/www.krankengymnastik.com\/wp-content\/uploads\/2015\/07\/leistungen_bild_alle.png","type":"","width":"","height":""}],"twitter_card":"summary_large_image","twitter_misc":{"Est. reading time":"1 minute"},"schema":{"@context":"https:\/\/schema.org","@graph":[{"@type":"WebPage","@id":"http:\/\/www.krankengymnastik.com\/?page_id=13","url":"http:\/\/www.krankengymnastik.com\/?page_id=13","name":"Leistungen - Physiotherapie Hundt","isPartOf":{"@id":"http:\/\/www.krankengymnastik.com\/#website"},"primaryImageOfPage":{"@id":"http:\/\/www.krankengymnastik.com\/?page_id=13#primaryimage"},"image":{"@id":"http:\/\/www.krankengymnastik.com\/?page_id=13#primaryimage"},"thumbnailUrl":"http:\/\/www.krankengymnastik.com\/wp-content\/uploads\/2015\/07\/leistungen_bild_alle.png","datePublished":"2014-10-21T14:22:08+00:00","dateModified":"2026-03-20T14:34:26+00:00","breadcrumb":{"@id":"http:\/\/www.krankengymnastik.com\/?page_id=13#breadcrumb"},"inLanguage":"en-US","potentialAction":[{"@type":"ReadAction","target":["http:\/\/www.krankengymnastik.com\/?page_id=13"]}]},{"@type":"ImageObject","inLanguage":"en-US","@id":"http:\/\/www.krankengymnastik.com\/?page_id=13#primaryimage","url":"http:\/\/www.krankengymnastik.com\/wp-content\/uploads\/2015\/07\/leistungen_bild_alle.png","contentUrl":"http:\/\/www.krankengymnastik.com\/wp-content\/uploads\/2015\/07\/leistungen_bild_alle.png"},{"@type":"BreadcrumbList","@id":"http:\/\/www.krankengymnastik.com\/?page_id=13#breadcrumb","itemListElement":[{"@type":"ListItem","position":1,"name":"Home","item":"http:\/\/www.krankengymnastik.com\/"},{"@type":"ListItem","position":2,"name":"Leistungen"}]},{"@type":"WebSite","@id":"http:\/\/www.krankengymnastik.com\/#website","url":"http:\/\/www.krankengymnastik.com\/","name":"Physiotherapie Hundt","description":"Sei ein Fuchs, komm zu Hundt f\u00fcr manuelle Therapie, Krankengymnastik, Massage, Bobath, Triggerpunktbehandlung, Kiefergelenkbehandlung. Fon: 09131\/64438","publisher":{"@id":"http:\/\/www.krankengymnastik.com\/#organization"},"potentialAction":[{"@type":"SearchAction","target":{"@type":"EntryPoint","urlTemplate":"http:\/\/www.krankengymnastik.com\/?s={search_term_string}"},"query-input":{"@type":"PropertyValueSpecification","valueRequired":true,"valueName":"search_term_string"}}],"inLanguage":"en-US"},{"@type":"Organization","@id":"http:\/\/www.krankengymnastik.com\/#organization","name":"Praxis f\u00fcr Physiotherapie Hundt","url":"http:\/\/www.krankengymnastik.com\/","logo":{"@type":"ImageObject","inLanguage":"en-US","@id":"http:\/\/www.krankengymnastik.com\/#\/schema\/logo\/image\/","url":"https:\/\/www.krankengymnastik.com\/wp-content\/uploads\/2026\/03\/praxis-hundt-logo.png","contentUrl":"https:\/\/www.krankengymnastik.com\/wp-content\/uploads\/2026\/03\/praxis-hundt-logo.png","width":462,"height":235,"caption":"Praxis f\u00fcr Physiotherapie Hundt"},"image":{"@id":"http:\/\/www.krankengymnastik.com\/#\/schema\/logo\/image\/"}}]}},"_links":{"self":[{"href":"https:\/\/www.krankengymnastik.com\/index.php?rest_route=\/wp\/v2\/pages\/13","targetHints":{"allow":["GET"]}}],"collection":[{"href":"https:\/\/www.krankengymnastik.com\/index.php?rest_route=\/wp\/v2\/pages"}],"about":[{"href":"https:\/\/www.krankengymnastik.com\/index.php?rest_route=\/wp\/v2\/types\/page"}],"author":[{"embeddable":true,"href":"https:\/\/www.krankengymnastik.com\/index.php?rest_route=\/wp\/v2\/users\/1"}],"replies":[{"embeddable":true,"href":"https:\/\/www.krankengymnastik.com\/index.php?rest_route=%2Fwp%2Fv2%2Fcomments&post=13"}],"version-history":[{"count":35,"href":"https:\/\/www.krankengymnastik.com\/index.php?rest_route=\/wp\/v2\/pages\/13\/revisions"}],"predecessor-version":[{"id":492,"href":"https:\/\/www.krankengymnastik.com\/index.php?rest_route=\/wp\/v2\/pages\/13\/revisions\/492"}],"wp:attachment":[{"href":"https:\/\/www.krankengymnastik.com\/index.php?rest_route=%2Fwp%2Fv2%2Fmedia&parent=13"}],"curies":[{"name":"wp","href":"https:\/\/api.w.org\/{rel}","templated":true}]}}