{"id":19,"date":"2014-10-21T14:23:14","date_gmt":"2014-10-21T14:23:14","guid":{"rendered":"http:\/\/www.krankengymnastik.com\/wordpress\/?page_id=19"},"modified":"2026-03-20T14:56:11","modified_gmt":"2026-03-20T14:56:11","slug":"impressum","status":"publish","type":"page","link":"http:\/\/www.krankengymnastik.com\/?page_id=19","title":{"rendered":"Impressum"},"content":{"rendered":"<div style=\"padding-left: 26px; margin-top: -20px;\">\n<h2>IMPRESSUM \/ DATENSCHUTZ<\/h2>\n<h4>Verantwortlich f\u00fcr den Inhalt:<\/h4>\n<p>Praxis f\u00fcr Physiotherapie Hundt<br \/>\nInhaberin: Christine Seiler, Bastian Richter, Christian Seiler<br \/>\nF\u00fcrther Strasse 37<br \/>\n91058 Erlangen<br \/>\nTelefon: 09131 &#8211; 64438<br \/>\nE-mail: <a href=\"mailto:Info@krankengymnastik.com\">Info@krankengymnastik.com<\/a><\/p>\n<p>www.krankengymnastik.com<br \/>\nwww.bewegungsfreude.com<\/p>\n<h4><span style=\"text-align: justify;\"><br \/>\n<strong>Rechtliche Hinweise:<\/strong><\/span><\/h4>\n<p><span style=\"text-align: justify;\">Die Praxis f\u00fcr Physiotherapie Hundt ist st\u00e4ndig darum bem\u00fcht, die auf diesen Internetseiten bereitgestellten Daten und Informationen auf dem neuesten Stand zu halten und Fehler durch gr\u00f6\u00dftm\u00f6gliche Sorgfalt auszuschlie\u00dfen. Eine Garantie f\u00fcr die Richtigkeit und Vollst\u00e4ndigkeit der Informationen kann dennoch nicht \u00fcbernommen werden.<\/span><\/p>\n<h3>Haftungsausschluss:<\/h3>\n<\/div>\n<div style=\"padding-left: 26px; margin-top: -20px;\">\n<h4>1. Inhalt des Onlineangebotes<\/h4>\n<p>Der Autor \u00fcbernimmt keinerlei Gew\u00e4hr f\u00fcr die Aktualit\u00e4t, Korrektheit, Vollst\u00e4ndigkeit oder Qualit\u00e4t der bereitgestellten Informationen. Haftungsanspr\u00fcche gegen den Autor, welche sich auf Sch\u00e4den materieller oder ideeller Art beziehen, die durch die Nutzung oder Nichtnutzung der dargebotenen Informationen bzw. durch die Nutzung fehlerhafter und unvollst\u00e4ndiger Informationen verursacht wurden, sind grunds\u00e4tzlich ausgeschlossen, sofern seitens des Autors kein nachweislich vors\u00e4tzliches oder grob fahrl\u00e4ssiges Verschulden vorliegt.<br \/>\nAlle Angebote sind freibleibend und unverbindlich.<\/p>\n<h4>2. Verweise und Links<\/h4>\n<p>Bei direkten oder indirekten Verweisen auf fremde Internetseiten (&#8220;Links&#8221;), die au\u00dferhalb des Verantwortungsbereiches des Autors liegen, w\u00fcrde eine Haftungsverpflichtung ausschlie\u00dflich in dem Fall in Kraft treten, in dem der Autor von den Inhalten Kenntnis hat und es ihm technisch m\u00f6glich und zumutbar w\u00e4re, die Nutzung im Falle rechtswidriger Inhalte zu verhindern.<br \/>\nDer Autor erkl\u00e4rt hiermit ausdr\u00fccklich, dass zum Zeitpunkt der Linksetzung keine illegalen Inhalte auf den zu verlinkenden Seiten erkennbar waren. Auf die aktuelle und zuk\u00fcnftige Gestaltung, die Inhalte oder die Urheberschaft der gelinkten \/ verkn\u00fcpften Seiten hat der Autor keinerlei Einfluss. Deshalb distanziert er sich hiermit ausdr\u00fccklich von allen Inhalten aller gelinkten \/ verkn\u00fcpften Seiten, die nach der Linksetzung ver\u00e4ndert wurden. Diese Feststellung gilt f\u00fcr alle innerhalb des eigenen Internetangebotes gesetzten Links und Verweise sowie f\u00fcr Fremdeintr\u00e4ge in vom Autor eingerichteten G\u00e4steb\u00fcchern, Diskussionsforen und Mailinglisten. F\u00fcr illegale, fehlerhafte oder unvollst\u00e4ndige Inhalte und insbesondere f\u00fcr Sch\u00e4den, die aus der Nutzung oder Nichtnutzung solcherart dargebotener Informationen entstehen, haftet allein der Anbieter der Seite, auf welche verwiesen wurde, nicht derjenige, der \u00fcber Links auf die jeweilige Ver\u00f6ffentlichung lediglich verweist.<\/p>\n<h4>3. Urheber- und Kennzeichenrecht<\/h4>\n<p>Der Autor ist bestrebt, in allen Publikationen die Urheberrechte der verwendeten Grafiken, Tondokumente, Videosequenzen und Texte zu beachten, von ihm selbst erstellte Grafiken, Tondokumente, Videosequenzen und Texte zu nutzen oder auf lizenzfreie Grafiken, Tondokumente, Videosequenzen und Texte zur\u00fcckzugreifen.<br \/>\nAlle innerhalb des Internetangebotes genannten und ggf. durch Dritte gesch\u00fctzten Marken- und Warenzeichen unterliegen uneingeschr\u00e4nkt den Bestimmungen des jeweils g\u00fcltigen Kennzeichenrechts und den Besitzrechten der jeweiligen eingetragenen Eigent\u00fcmer. Allein aufgrund der blo\u00dfen Nennung ist nicht der Schluss zu ziehen, dass Markenzeichen nicht durch Rechte Dritter gesch\u00fctzt sind!<br \/>\nDas Copyright f\u00fcr ver\u00f6ffentlichte, vom Autor selbst erstellte Objekte bleibt allein beim Autor der Seiten. Eine Vervielf\u00e4ltigung oder Verwendung solcher Grafiken, Tondokumente, Videosequenzen und Texte in anderen elektronischen oder gedruckten Publikationen ist ohne ausdr\u00fcckliche Zustimmung des Autors nicht gestattet.<\/p>\n<h4>4. Datenschutz<\/h4>\n<p>Sofern innerhalb des Internetangebotes die M\u00f6glichkeit zur Eingabe pers\u00f6nlicher oder gesch\u00e4ftlicher Daten (Emailadressen, Namen, Anschriften) besteht, so erfolgt die Preisgabe dieser Daten seitens des Nutzers auf ausdr\u00fccklich freiwilliger Basis. Die Inanspruchnahme und Bezahlung aller angebotenen Dienste ist &#8211; soweit technisch m\u00f6glich und zumutbar &#8211; auch ohne Angabe solcher Daten bzw. unter Angabe anonymisierter Daten oder eines Pseudonyms gestattet.<\/p>\n<h4>5. Rechtswirksamkeit dieses Haftungsausschlusses<\/h4>\n<p>Dieser Haftungsausschluss ist als Teil des Internetangebotes zu betrachten, von dem aus auf diese Seite verwiesen wurde. Sofern Teile oder einzelne Formulierungen dieses Textes der geltenden Rechtslage nicht, nicht mehr oder nicht vollst\u00e4ndig entsprechen sollten, bleiben die \u00fcbrigen Teile des Dokumentes in ihrem Inhalt und ihrer G\u00fcltigkeit davon unber\u00fchrt.<\/p>\n<\/div>\n<p>&nbsp;<\/p>\n<div id=\"front-footer\">\n<div style=\"clear: both;\"><\/div>\n<h5 style=\"text-align: center;\">Praxis f\u00fcr Physiotherapie Hundt :: F\u00fcrther Stra\u00dfe 37 :: 91058 Erlangen :: 09131-64438<\/h5>\n<p><a href=\"http:\/\/www.krankengymnastik.com\/wp-content\/uploads\/2014\/10\/zertifizierung_tn1.jpg\"><img loading=\"lazy\" decoding=\"async\" class=\"size-full wp-image-106 aligncenter\" src=\"http:\/\/www.krankengymnastik.com\/wp-content\/uploads\/2014\/10\/zertifizierung_tn1.jpg\" alt=\"zertifizierung_tn\" width=\"100\" height=\"76\" \/><\/a><\/p>\n<\/div>\n<p>&nbsp;<\/p>\n","protected":false},"excerpt":{"rendered":"<p>IMPRESSUM \/ DATENSCHUTZ Verantwortlich f\u00fcr den Inhalt: Praxis f\u00fcr Physiotherapie Hundt Inhaberin: Christine Seiler, Bastian Richter, Christian Seiler F\u00fcrther Strasse 37 91058 Erlangen Telefon: 09131 &#8211; 64438 E-mail: Info@krankengymnastik.com www.krankengymnastik.com www.bewegungsfreude.com Rechtliche Hinweise: Die Praxis f\u00fcr Physiotherapie Hundt ist st\u00e4ndig darum bem\u00fcht, die auf diesen Internetseiten bereitgestellten Daten und Informationen auf dem neuesten Stand zu [&hellip;]<\/p>\n","protected":false},"author":1,"featured_media":0,"parent":0,"menu_order":0,"comment_status":"closed","ping_status":"closed","template":"","meta":{"footnotes":""},"class_list":["post-19","page","type-page","status-publish","hentry"],"yoast_head":"<!-- This site is optimized with the Yoast SEO plugin v27.2 - https:\/\/yoast.com\/product\/yoast-seo-wordpress\/ -->\n<title>Impressum - Physiotherapie Hundt<\/title>\n<meta name=\"robots\" content=\"index, follow, max-snippet:-1, max-image-preview:large, max-video-preview:-1\" \/>\n<link rel=\"canonical\" href=\"http:\/\/www.krankengymnastik.com\/?page_id=19\" \/>\n<meta property=\"og:locale\" content=\"en_US\" \/>\n<meta property=\"og:type\" content=\"article\" \/>\n<meta property=\"og:title\" content=\"Impressum - Physiotherapie Hundt\" \/>\n<meta property=\"og:description\" content=\"IMPRESSUM \/ DATENSCHUTZ Verantwortlich f\u00fcr den Inhalt: Praxis f\u00fcr Physiotherapie Hundt Inhaberin: Christine Seiler, Bastian Richter, Christian Seiler F\u00fcrther Strasse 37 91058 Erlangen Telefon: 09131 &#8211; 64438 E-mail: Info@krankengymnastik.com www.krankengymnastik.com www.bewegungsfreude.com Rechtliche Hinweise: Die Praxis f\u00fcr Physiotherapie Hundt ist st\u00e4ndig darum bem\u00fcht, die auf diesen Internetseiten bereitgestellten Daten und Informationen auf dem neuesten Stand zu [&hellip;]\" \/>\n<meta property=\"og:url\" content=\"http:\/\/www.krankengymnastik.com\/?page_id=19\" \/>\n<meta property=\"og:site_name\" content=\"Physiotherapie Hundt\" \/>\n<meta property=\"article:modified_time\" content=\"2026-03-20T14:56:11+00:00\" \/>\n<meta property=\"og:image\" content=\"http:\/\/www.krankengymnastik.com\/wp-content\/uploads\/2014\/10\/zertifizierung_tn1.jpg\" \/>\n<meta name=\"twitter:card\" content=\"summary_large_image\" \/>\n<meta name=\"twitter:label1\" content=\"Est. reading time\" \/>\n\t<meta name=\"twitter:data1\" content=\"3 minutes\" \/>\n<script type=\"application\/ld+json\" class=\"yoast-schema-graph\">{\"@context\":\"https:\/\/schema.org\",\"@graph\":[{\"@type\":\"WebPage\",\"@id\":\"http:\/\/www.krankengymnastik.com\/?page_id=19\",\"url\":\"http:\/\/www.krankengymnastik.com\/?page_id=19\",\"name\":\"Impressum - Physiotherapie Hundt\",\"isPartOf\":{\"@id\":\"https:\/\/www.krankengymnastik.com\/#website\"},\"primaryImageOfPage\":{\"@id\":\"http:\/\/www.krankengymnastik.com\/?page_id=19#primaryimage\"},\"image\":{\"@id\":\"http:\/\/www.krankengymnastik.com\/?page_id=19#primaryimage\"},\"thumbnailUrl\":\"http:\/\/www.krankengymnastik.com\/wp-content\/uploads\/2014\/10\/zertifizierung_tn1.jpg\",\"datePublished\":\"2014-10-21T14:23:14+00:00\",\"dateModified\":\"2026-03-20T14:56:11+00:00\",\"breadcrumb\":{\"@id\":\"http:\/\/www.krankengymnastik.com\/?page_id=19#breadcrumb\"},\"inLanguage\":\"en-US\",\"potentialAction\":[{\"@type\":\"ReadAction\",\"target\":[\"http:\/\/www.krankengymnastik.com\/?page_id=19\"]}]},{\"@type\":\"ImageObject\",\"inLanguage\":\"en-US\",\"@id\":\"http:\/\/www.krankengymnastik.com\/?page_id=19#primaryimage\",\"url\":\"http:\/\/www.krankengymnastik.com\/wp-content\/uploads\/2014\/10\/zertifizierung_tn1.jpg\",\"contentUrl\":\"http:\/\/www.krankengymnastik.com\/wp-content\/uploads\/2014\/10\/zertifizierung_tn1.jpg\"},{\"@type\":\"BreadcrumbList\",\"@id\":\"http:\/\/www.krankengymnastik.com\/?page_id=19#breadcrumb\",\"itemListElement\":[{\"@type\":\"ListItem\",\"position\":1,\"name\":\"Home\",\"item\":\"https:\/\/www.krankengymnastik.com\/\"},{\"@type\":\"ListItem\",\"position\":2,\"name\":\"Impressum\"}]},{\"@type\":\"WebSite\",\"@id\":\"https:\/\/www.krankengymnastik.com\/#website\",\"url\":\"https:\/\/www.krankengymnastik.com\/\",\"name\":\"Physiotherapie Hundt\",\"description\":\"Sei ein Fuchs, komm zu Hundt in Erlangen Bruck f\u00fcr manuelle Therapie, Krankengymnastik, Massage, Bobath, Triggerpunktbehandlung, Kiefergelenkbehandlung. Fon: 09131\/64438\",\"publisher\":{\"@id\":\"https:\/\/www.krankengymnastik.com\/#organization\"},\"potentialAction\":[{\"@type\":\"SearchAction\",\"target\":{\"@type\":\"EntryPoint\",\"urlTemplate\":\"https:\/\/www.krankengymnastik.com\/?s={search_term_string}\"},\"query-input\":{\"@type\":\"PropertyValueSpecification\",\"valueRequired\":true,\"valueName\":\"search_term_string\"}}],\"inLanguage\":\"en-US\"},{\"@type\":\"Organization\",\"@id\":\"https:\/\/www.krankengymnastik.com\/#organization\",\"name\":\"Praxis f\u00fcr Physiotherapie Hundt\",\"url\":\"https:\/\/www.krankengymnastik.com\/\",\"logo\":{\"@type\":\"ImageObject\",\"inLanguage\":\"en-US\",\"@id\":\"https:\/\/www.krankengymnastik.com\/#\/schema\/logo\/image\/\",\"url\":\"http:\/\/www.krankengymnastik.com\/wp-content\/uploads\/2026\/03\/praxis-hundt-logo.png\",\"contentUrl\":\"http:\/\/www.krankengymnastik.com\/wp-content\/uploads\/2026\/03\/praxis-hundt-logo.png\",\"width\":462,\"height\":235,\"caption\":\"Praxis f\u00fcr Physiotherapie Hundt\"},\"image\":{\"@id\":\"https:\/\/www.krankengymnastik.com\/#\/schema\/logo\/image\/\"}}]}<\/script>\n<!-- \/ Yoast SEO plugin. -->","yoast_head_json":{"title":"Impressum - Physiotherapie Hundt","robots":{"index":"index","follow":"follow","max-snippet":"max-snippet:-1","max-image-preview":"max-image-preview:large","max-video-preview":"max-video-preview:-1"},"canonical":"http:\/\/www.krankengymnastik.com\/?page_id=19","og_locale":"en_US","og_type":"article","og_title":"Impressum - Physiotherapie Hundt","og_description":"IMPRESSUM \/ DATENSCHUTZ Verantwortlich f\u00fcr den Inhalt: Praxis f\u00fcr Physiotherapie Hundt Inhaberin: Christine Seiler, Bastian Richter, Christian Seiler F\u00fcrther Strasse 37 91058 Erlangen Telefon: 09131 &#8211; 64438 E-mail: Info@krankengymnastik.com www.krankengymnastik.com www.bewegungsfreude.com Rechtliche Hinweise: Die Praxis f\u00fcr Physiotherapie Hundt ist st\u00e4ndig darum bem\u00fcht, die auf diesen Internetseiten bereitgestellten Daten und Informationen auf dem neuesten Stand zu [&hellip;]","og_url":"http:\/\/www.krankengymnastik.com\/?page_id=19","og_site_name":"Physiotherapie Hundt","article_modified_time":"2026-03-20T14:56:11+00:00","og_image":[{"url":"http:\/\/www.krankengymnastik.com\/wp-content\/uploads\/2014\/10\/zertifizierung_tn1.jpg","type":"","width":"","height":""}],"twitter_card":"summary_large_image","twitter_misc":{"Est. reading time":"3 minutes"},"schema":{"@context":"https:\/\/schema.org","@graph":[{"@type":"WebPage","@id":"http:\/\/www.krankengymnastik.com\/?page_id=19","url":"http:\/\/www.krankengymnastik.com\/?page_id=19","name":"Impressum - Physiotherapie Hundt","isPartOf":{"@id":"https:\/\/www.krankengymnastik.com\/#website"},"primaryImageOfPage":{"@id":"http:\/\/www.krankengymnastik.com\/?page_id=19#primaryimage"},"image":{"@id":"http:\/\/www.krankengymnastik.com\/?page_id=19#primaryimage"},"thumbnailUrl":"http:\/\/www.krankengymnastik.com\/wp-content\/uploads\/2014\/10\/zertifizierung_tn1.jpg","datePublished":"2014-10-21T14:23:14+00:00","dateModified":"2026-03-20T14:56:11+00:00","breadcrumb":{"@id":"http:\/\/www.krankengymnastik.com\/?page_id=19#breadcrumb"},"inLanguage":"en-US","potentialAction":[{"@type":"ReadAction","target":["http:\/\/www.krankengymnastik.com\/?page_id=19"]}]},{"@type":"ImageObject","inLanguage":"en-US","@id":"http:\/\/www.krankengymnastik.com\/?page_id=19#primaryimage","url":"http:\/\/www.krankengymnastik.com\/wp-content\/uploads\/2014\/10\/zertifizierung_tn1.jpg","contentUrl":"http:\/\/www.krankengymnastik.com\/wp-content\/uploads\/2014\/10\/zertifizierung_tn1.jpg"},{"@type":"BreadcrumbList","@id":"http:\/\/www.krankengymnastik.com\/?page_id=19#breadcrumb","itemListElement":[{"@type":"ListItem","position":1,"name":"Home","item":"https:\/\/www.krankengymnastik.com\/"},{"@type":"ListItem","position":2,"name":"Impressum"}]},{"@type":"WebSite","@id":"https:\/\/www.krankengymnastik.com\/#website","url":"https:\/\/www.krankengymnastik.com\/","name":"Physiotherapie Hundt","description":"Sei ein Fuchs, komm zu Hundt in Erlangen Bruck f\u00fcr manuelle Therapie, Krankengymnastik, Massage, Bobath, Triggerpunktbehandlung, Kiefergelenkbehandlung. Fon: 09131\/64438","publisher":{"@id":"https:\/\/www.krankengymnastik.com\/#organization"},"potentialAction":[{"@type":"SearchAction","target":{"@type":"EntryPoint","urlTemplate":"https:\/\/www.krankengymnastik.com\/?s={search_term_string}"},"query-input":{"@type":"PropertyValueSpecification","valueRequired":true,"valueName":"search_term_string"}}],"inLanguage":"en-US"},{"@type":"Organization","@id":"https:\/\/www.krankengymnastik.com\/#organization","name":"Praxis f\u00fcr Physiotherapie Hundt","url":"https:\/\/www.krankengymnastik.com\/","logo":{"@type":"ImageObject","inLanguage":"en-US","@id":"https:\/\/www.krankengymnastik.com\/#\/schema\/logo\/image\/","url":"http:\/\/www.krankengymnastik.com\/wp-content\/uploads\/2026\/03\/praxis-hundt-logo.png","contentUrl":"http:\/\/www.krankengymnastik.com\/wp-content\/uploads\/2026\/03\/praxis-hundt-logo.png","width":462,"height":235,"caption":"Praxis f\u00fcr Physiotherapie Hundt"},"image":{"@id":"https:\/\/www.krankengymnastik.com\/#\/schema\/logo\/image\/"}}]}},"_links":{"self":[{"href":"http:\/\/www.krankengymnastik.com\/index.php?rest_route=\/wp\/v2\/pages\/19","targetHints":{"allow":["GET"]}}],"collection":[{"href":"http:\/\/www.krankengymnastik.com\/index.php?rest_route=\/wp\/v2\/pages"}],"about":[{"href":"http:\/\/www.krankengymnastik.com\/index.php?rest_route=\/wp\/v2\/types\/page"}],"author":[{"embeddable":true,"href":"http:\/\/www.krankengymnastik.com\/index.php?rest_route=\/wp\/v2\/users\/1"}],"replies":[{"embeddable":true,"href":"http:\/\/www.krankengymnastik.com\/index.php?rest_route=%2Fwp%2Fv2%2Fcomments&post=19"}],"version-history":[{"count":8,"href":"http:\/\/www.krankengymnastik.com\/index.php?rest_route=\/wp\/v2\/pages\/19\/revisions"}],"predecessor-version":[{"id":500,"href":"http:\/\/www.krankengymnastik.com\/index.php?rest_route=\/wp\/v2\/pages\/19\/revisions\/500"}],"wp:attachment":[{"href":"http:\/\/www.krankengymnastik.com\/index.php?rest_route=%2Fwp%2Fv2%2Fmedia&parent=19"}],"curies":[{"name":"wp","href":"https:\/\/api.w.org\/{rel}","templated":true}]}}